{"id":1732,"date":"2024-07-04T19:25:48","date_gmt":"2024-07-04T22:25:48","guid":{"rendered":"https:\/\/digitalnex.com.ar\/Clon\/?post_type=product&#038;p=1732"},"modified":"2025-01-04T14:25:39","modified_gmt":"2025-01-04T17:25:39","slug":"proyector-mini-led-390-ansi-lumens-android-11-1080p-nativo-soporta-4k-wifi-6-bluetooth-new-2024","status":"publish","type":"product","link":"https:\/\/digitalnex.com.ar\/?product=proyector-mini-led-390-ansi-lumens-android-11-1080p-nativo-soporta-4k-wifi-6-bluetooth-new-2024","title":{"rendered":"Proyector Mini Led 390 Ansi Lumens \u2013 Android 11 \u2013 1080p Nativo \u2013 Soporta 4K \u2013 Wifi 6 \u2013 Bluetooth -New 2024"},"content":{"rendered":"<div class=\"tworow-pic-content-imageout\" style=\"text-align: center;\">\n<p><a href=\"http:\/\/www.digitalnex.com.ar\/?page_id=180\"><img loading=\"lazy\" decoding=\"async\" class=\"thumbnail aligncenter\" src=\"http:\/\/www.digitalnex.com.ar\/wp-content\/uploads\/2017\/07\/HAZ-UNA-PREGUNTA-DIG2.gif\" alt=\"\" width=\"215\" height=\"47\" \/><\/a><a href=\"https:\/\/mpago.la\/14JomCF\"><img loading=\"lazy\" decoding=\"async\" class=\"aligncenter\" src=\"https:\/\/digitalnex.com.ar\/wp-content\/uploads\/2024\/11\/comprar-aqui-mp-e1732766416912.jpg\" width=\"146\" height=\"144\" \/><\/a><img loading=\"lazy\" decoding=\"async\" class=\"aligncenter\" src=\"https:\/\/digitalnex.com.ar\/wp-content\/uploads\/2024\/11\/D_NQ_NP_642997-CBT76725450743_052024-O.jpg\" width=\"647\" height=\"654\" \/><\/p>\n<h2><img loading=\"lazy\" decoding=\"async\" class=\"details-image aligncenter\" draggable=\"false\" src=\"https:\/\/digitalnex.com.ar\/wp-content\/uploads\/2024\/11\/proyector-HY320-1-3.jpg\" alt=\"\" width=\"640\" height=\"647\" \/><\/h2>\n<h2><img loading=\"lazy\" decoding=\"async\" class=\"details-image aligncenter\" draggable=\"false\" src=\"https:\/\/digitalnex.com.ar\/wp-content\/uploads\/2024\/11\/proyector-HY320-FOT-ML.jpg\" alt=\"\" width=\"589\" height=\"583\" \/><\/h2>\n<h2><img loading=\"lazy\" decoding=\"async\" class=\"details-image aligncenter\" draggable=\"false\" src=\"https:\/\/digitalnex.com.ar\/wp-content\/uploads\/2024\/11\/proyector-HY320-2.jpg\" alt=\"\" width=\"698\" height=\"700\" \/><\/h2>\n<h2><img loading=\"lazy\" decoding=\"async\" class=\"details-image aligncenter\" draggable=\"false\" src=\"https:\/\/digitalnex.com.ar\/wp-content\/uploads\/2024\/11\/proyector-HY320-4.jpg\" alt=\"\" width=\"699\" height=\"702\" \/><\/h2>\n<h2><img loading=\"lazy\" decoding=\"async\" class=\"details-image aligncenter\" draggable=\"false\" src=\"https:\/\/digitalnex.com.ar\/wp-content\/uploads\/2024\/11\/proyector-HY320-3-1-1024x744.jpg\" alt=\"\" width=\"726\" height=\"528\" \/><\/h2>\n<h2><img loading=\"lazy\" decoding=\"async\" class=\"details-image aligncenter\" draggable=\"false\" src=\"https:\/\/digitalnex.com.ar\/wp-content\/uploads\/2024\/11\/proyector-HY320-6.jpg\" alt=\"\" width=\"724\" height=\"726\" \/><\/h2>\n<h2><img loading=\"lazy\" decoding=\"async\" class=\"details-image aligncenter\" draggable=\"false\" src=\"https:\/\/digitalnex.com.ar\/wp-content\/uploads\/2024\/11\/proyector-HY320-7-1024x746.jpg\" alt=\"\" width=\"762\" height=\"555\" \/><\/h2>\n<h2><img loading=\"lazy\" decoding=\"async\" class=\"details-image aligncenter\" draggable=\"false\" src=\"https:\/\/digitalnex.com.ar\/wp-content\/uploads\/2024\/11\/proyector-HY320-10-1017x1024.jpg\" alt=\"\" width=\"762\" height=\"767\" \/><\/h2>\n<h2><img loading=\"lazy\" decoding=\"async\" class=\"details-image aligncenter\" draggable=\"false\" src=\"https:\/\/digitalnex.com.ar\/wp-content\/uploads\/2024\/11\/proyector-HY320-3.jpg\" alt=\"\" width=\"771\" height=\"769\" \/><\/h2>\n<h2><img loading=\"lazy\" decoding=\"async\" class=\"details-image aligncenter\" draggable=\"false\" src=\"https:\/\/digitalnex.com.ar\/wp-content\/uploads\/2024\/11\/proyector-HY320-11-1024x1022.jpg\" alt=\"\" width=\"779\" height=\"777\" \/><\/h2>\n<h2><img loading=\"lazy\" decoding=\"async\" class=\"details-image aligncenter\" draggable=\"false\" src=\"https:\/\/digitalnex.com.ar\/wp-content\/uploads\/2024\/11\/proyector-HY320-5.jpg\" alt=\"\" width=\"782\" height=\"786\" \/><\/h2>\n<h2><img loading=\"lazy\" decoding=\"async\" class=\"details-image aligncenter\" draggable=\"false\" src=\"https:\/\/digitalnex.com.ar\/wp-content\/uploads\/2024\/11\/proyector-HY320-5-1.jpg\" alt=\"\" width=\"781\" height=\"754\" \/><\/h2>\n<h2><img loading=\"lazy\" decoding=\"async\" class=\"details-image aligncenter\" draggable=\"false\" src=\"https:\/\/digitalnex.com.ar\/wp-content\/uploads\/2024\/11\/proyector-HY320-6-2.jpg\" alt=\"\" width=\"774\" height=\"712\" \/><\/h2>\n<h2><img loading=\"lazy\" decoding=\"async\" class=\"details-image aligncenter\" draggable=\"false\" src=\"https:\/\/digitalnex.com.ar\/wp-content\/uploads\/2024\/11\/proyector-HY320-11-1-1024x1019.jpg\" alt=\"\" width=\"772\" height=\"768\" \/><\/h2>\n<h2><img loading=\"lazy\" decoding=\"async\" class=\"details-image aligncenter\" draggable=\"false\" src=\"https:\/\/digitalnex.com.ar\/wp-content\/uploads\/2024\/11\/proyector-HY320-CAJA.jpg\" alt=\"\" width=\"767\" height=\"765\" \/><\/h2>\n<h2 class=\"tworow-pic-content-imageout\"><strong>ESPECIFICACIONES:<\/strong><\/h2>\n<div class=\"tworow-pic-content-imageout\">\n<p>CPU: brazo de cuatro n\u00facleos Allwinner H713 de dos n\u00facleos<\/p>\n<p>GPU: OpenGL ES3.2, Vulkan 1,1 y OpenCL2.0<\/p>\n<p>Caracter\u00edsticas del producto<\/p>\n<p>Nativo 1920*1080P compatible con 4K 390 ANSI con altavoz HIFI de 5W incorporado.<\/p>\n<p>El sistema Android 11, el proyector de la tienda de aplicaciones es la combinaci\u00f3n del proyector tradicional y el sistema operativo Android 11 TV box<\/p>\n<p>Soporte: Wifi6 2,4G\/5,8G Dual Wifi IEEE802. A\/B\/g\/n\/AC\/se\u00f1al m\u00e1s fuerte Wifi6 AX) compatible con BT 5,0<\/p>\n<p>\u00c1ngulo de proyecci\u00f3n flexible de 180\u00b0. Proyectar donde quieras<\/p>\n<p>Pantalla de proyecci\u00f3n de 150 \u201cy Bulb Life 50000 Hrs<\/p>\n<p>Puede corregir exhaustivamente la imagen con el control remoto, sin importar el \u00e1ngulo<\/p>\n<p>Imagen FileJPG, BMP, PNG, admite escalado de imagen y decodificaci\u00f3n de formato completo de archivo de v\u00eddeo, incluida la decodificaci\u00f3n HEVC\/VP9\/AVS2\/AVC 4K @ 60fps y MPEG1\/ MPEG2\/AV1 1080p\/60fps, etc.<\/p>\n<\/div>\n<\/div>\n<div class=\"tworow-pic-content-imageout\" style=\"text-align: center;\"><\/div>\n<div class=\"tworow-pic-content-imageout\">\n<div class=\"height--adapt\">\n<div>\n<p>&nbsp;<\/p>\n<p style=\"text-align: center;\"><a href=\"https:\/\/www.youtube.com\/watch?v=OQh4YyOzBXI\"><img loading=\"lazy\" decoding=\"async\" class=\"alignnone\" src=\"http:\/\/digitalnex.com.ar\/wp-content\/uploads\/2014\/04\/YOUTUBE-CLICK-AQUI1.jpg\" alt=\"\" width=\"176\" height=\"202\" \/><\/a><\/p>\n<p><a href=\"https:\/\/www.youtube.com\/shorts\/pk7conH2kUc\">\u00a0<img loading=\"lazy\" decoding=\"async\" class=\"aligncenter\" src=\"http:\/\/digitalnex.com.ar\/wp-content\/uploads\/2014\/04\/YOUTUBE-CLICK-AQUI1.jpg\" alt=\"\" width=\"177\" height=\"204\" \/><\/a><\/p>\n<p>&nbsp;<\/p>\n<p style=\"text-align: center;\"><a href=\"https:\/\/mpago.la\/14JomCF\"><img loading=\"lazy\" decoding=\"async\" class=\"details-image\" draggable=\"false\" src=\"https:\/\/digitalnex.com.ar\/wp-content\/uploads\/2024\/11\/comprar-aqui-mp-e1732766416912.jpg\" alt=\"\" width=\"168\" height=\"165\" \/><\/a><\/p>\n<p>&nbsp;<\/p>\n<p><a href=\"https:\/\/api.whatsapp.com\/send\/?phone=5491162545705&amp;text&amp;type=phone_number&amp;app_absent=0\"><img loading=\"lazy\" decoding=\"async\" id=\"uImage\" class=\"uImage aligncenter\" src=\"https:\/\/s7d4.turboimg.net\/sp\/3dee20f0d379a68c3803572099b084d2\/whatsapp_digitalnex_1.jpg\" alt=\"whatsapp digitalnex 1\" width=\"271\" height=\"178\" \/><\/a><a href=\"https:\/\/www.facebook.com\/Digitalnex-433381993398606\/\"><img loading=\"lazy\" decoding=\"async\" id=\"uImage\" class=\"uImage aligncenter\" src=\"https:\/\/s7d4.turboimg.net\/sp\/8d64f9db55b93938d6e0271e0835232f\/digitalnexface.jpg\" alt=\"digitalnexface\" width=\"386\" height=\"177\" \/><\/a><\/p>\n<p><a href=\"skype:digitalnex?call\"><img loading=\"lazy\" decoding=\"async\" class=\"aligncenter\" src=\"http:\/\/digitalnex.com.ar\/wp-content\/uploads\/2014\/04\/FOTITO-SKYPE-2.jpg\" alt=\"\" width=\"211\" height=\"195\" \/><\/a><\/p>\n<\/div>\n<\/div>\n<\/div>\n","protected":false},"excerpt":{"rendered":"<h2><strong>Proyector Led 390 Ansi Lumens \u2013 Android 11 + Wifi 6 + Bluetooth<\/strong><\/h2>\n<h2>1080p resolucion nativa soporta 4k<\/h2>\n<h3>Lampara led de larga duracion hasta 50.000hs.<\/h3>\n","protected":false},"featured_media":1788,"comment_status":"closed","ping_status":"closed","template":"","meta":[],"product_brand":[],"product_cat":[30],"product_tag":[],"class_list":{"0":"post-1732","1":"product","2":"type-product","3":"status-publish","4":"has-post-thumbnail","6":"product_cat-proyectores","8":"first","9":"instock","10":"shipping-taxable","11":"purchasable","12":"product-type-simple"},"_links":{"self":[{"href":"https:\/\/digitalnex.com.ar\/index.php?rest_route=\/wp\/v2\/product\/1732","targetHints":{"allow":["GET"]}}],"collection":[{"href":"https:\/\/digitalnex.com.ar\/index.php?rest_route=\/wp\/v2\/product"}],"about":[{"href":"https:\/\/digitalnex.com.ar\/index.php?rest_route=\/wp\/v2\/types\/product"}],"replies":[{"embeddable":true,"href":"https:\/\/digitalnex.com.ar\/index.php?rest_route=%2Fwp%2Fv2%2Fcomments&post=1732"}],"wp:featuredmedia":[{"embeddable":true,"href":"https:\/\/digitalnex.com.ar\/index.php?rest_route=\/wp\/v2\/media\/1788"}],"wp:attachment":[{"href":"https:\/\/digitalnex.com.ar\/index.php?rest_route=%2Fwp%2Fv2%2Fmedia&parent=1732"}],"wp:term":[{"taxonomy":"product_brand","embeddable":true,"href":"https:\/\/digitalnex.com.ar\/index.php?rest_route=%2Fwp%2Fv2%2Fproduct_brand&post=1732"},{"taxonomy":"product_cat","embeddable":true,"href":"https:\/\/digitalnex.com.ar\/index.php?rest_route=%2Fwp%2Fv2%2Fproduct_cat&post=1732"},{"taxonomy":"product_tag","embeddable":true,"href":"https:\/\/digitalnex.com.ar\/index.php?rest_route=%2Fwp%2Fv2%2Fproduct_tag&post=1732"}],"curies":[{"name":"wp","href":"https:\/\/api.w.org\/{rel}","templated":true}]}}